{"id":4009,"date":"2021-12-04T06:27:12","date_gmt":"2021-12-04T04:27:12","guid":{"rendered":"https:\/\/uus.mommipesa.eu\/?page_id=4009"},"modified":"2025-10-10T13:05:59","modified_gmt":"2025-10-10T10:05:59","slug":"haabersti","status":"publish","type":"page","link":"https:\/\/uus.mommipesa.eu\/ru\/galerii\/haabersti\/","title":{"rendered":"\u0433\u0440\u0443\u043f\u043f\u0430 Lahepea"},"content":{"rendered":"<p>\u0423\u044e\u0442\u043d\u0430\u044f \u0438 \u0441\u0432\u0435\u0442\u043b\u0430\u044f \u0433\u0440\u0443\u043f\u043f\u0430 \u0432 \u0425\u0430\u0430\u0431\u0435\u0440\u0441\u0442\u0438, \u0433\u0434\u0435 \u0434\u0435\u0442\u0438 \u043d\u0430\u0441\u043b\u0430\u0436\u0434\u0430\u044e\u0442\u0441\u044f \u0442\u0432\u043e\u0440\u0447\u0435\u0441\u043a\u0438\u043c\u0438 \u0438\u0433\u0440\u0430\u043c\u0438 \u0438 \u0437\u0430\u043d\u044f\u0442\u0438\u044f\u043c\u0438 \u043d\u0430 \u0443\u043b\u0438\u0446\u0435.<\/p>\n\n\n\n<h3 class=\"wp-block-heading headings\">\u041f\u043e\u043c\u0435\u0449\u0435\u043d\u0438\u044f \u0438 \u0441\u0440\u0435\u0434\u0430<\/h3>\n\n\n<ul style=\"--columns: 5;--space: 6px;--min-width: 0px;\" class=\"filebird-block-filebird-gallery layout-grid columns-5 is-cropped wp-block-filebird-block-filebird-gallery\"><li class=\"blocks-gallery-item\"><figure><a href=\"https:\/\/uus.mommipesa.eu\/wp-content\/uploads\/2023\/08\/IMG_20230731_221421_943.jpg\"><img fetchpriority=\"high\" decoding=\"async\" width=\"1080\" height=\"793\" src=\"https:\/\/uus.mommipesa.eu\/wp-content\/uploads\/2023\/08\/IMG_20230731_221421_943.jpg\" alt=\"IMG_20230731_221421_943\" class=\"wp-image-4119\" srcset=\"https:\/\/uus.mommipesa.eu\/wp-content\/uploads\/2023\/08\/IMG_20230731_221421_943.jpg 1080w, https:\/\/uus.mommipesa.eu\/wp-content\/uploads\/2023\/08\/IMG_20230731_221421_943-300x220.jpg 300w, https:\/\/uus.mommipesa.eu\/wp-content\/uploads\/2023\/08\/IMG_20230731_221421_943-1024x752.jpg 1024w, https:\/\/uus.mommipesa.eu\/wp-content\/uploads\/2023\/08\/IMG_20230731_221421_943-768x564.jpg 768w, https:\/\/uus.mommipesa.eu\/wp-content\/uploads\/2023\/08\/IMG_20230731_221421_943-16x12.jpg 16w\" sizes=\"(max-width: 1080px) 100vw, 1080px\" \/><\/a><\/figure><\/li><li class=\"blocks-gallery-item\"><figure><a href=\"https:\/\/uus.mommipesa.eu\/wp-content\/uploads\/2023\/08\/IMG_20230731_221417_156.jpg\"><img decoding=\"async\" width=\"1068\" height=\"1770\" src=\"https:\/\/uus.mommipesa.eu\/wp-content\/uploads\/2023\/08\/IMG_20230731_221417_156.jpg\" alt=\"IMG_20230731_221417_156\" class=\"wp-image-4118\" srcset=\"https:\/\/uus.mommipesa.eu\/wp-content\/uploads\/2023\/08\/IMG_20230731_221417_156.jpg 1068w, https:\/\/uus.mommipesa.eu\/wp-content\/uploads\/2023\/08\/IMG_20230731_221417_156-181x300.jpg 181w, https:\/\/uus.mommipesa.eu\/wp-content\/uploads\/2023\/08\/IMG_20230731_221417_156-618x1024.jpg 618w, https:\/\/uus.mommipesa.eu\/wp-content\/uploads\/2023\/08\/IMG_20230731_221417_156-768x1273.jpg 768w, https:\/\/uus.mommipesa.eu\/wp-content\/uploads\/2023\/08\/IMG_20230731_221417_156-927x1536.jpg 927w, https:\/\/uus.mommipesa.eu\/wp-content\/uploads\/2023\/08\/IMG_20230731_221417_156-7x12.jpg 7w\" sizes=\"(max-width: 1068px) 100vw, 1068px\" \/><\/a><\/figure><\/li><li class=\"blocks-gallery-item\"><figure><a href=\"https:\/\/uus.mommipesa.eu\/wp-content\/uploads\/2023\/08\/IMG_20230731_221416_743.jpg\"><img decoding=\"async\" width=\"1080\" height=\"797\" src=\"https:\/\/uus.mommipesa.eu\/wp-content\/uploads\/2023\/08\/IMG_20230731_221416_743.jpg\" alt=\"IMG_20230731_221416_743\" class=\"wp-image-4117\" srcset=\"https:\/\/uus.mommipesa.eu\/wp-content\/uploads\/2023\/08\/IMG_20230731_221416_743.jpg 1080w, https:\/\/uus.mommipesa.eu\/wp-content\/uploads\/2023\/08\/IMG_20230731_221416_743-300x221.jpg 300w, https:\/\/uus.mommipesa.eu\/wp-content\/uploads\/2023\/08\/IMG_20230731_221416_743-1024x756.jpg 1024w, https:\/\/uus.mommipesa.eu\/wp-content\/uploads\/2023\/08\/IMG_20230731_221416_743-768x567.jpg 768w, https:\/\/uus.mommipesa.eu\/wp-content\/uploads\/2023\/08\/IMG_20230731_221416_743-16x12.jpg 16w\" sizes=\"(max-width: 1080px) 100vw, 1080px\" \/><\/a><\/figure><\/li><li class=\"blocks-gallery-item\"><figure><a href=\"https:\/\/uus.mommipesa.eu\/wp-content\/uploads\/2023\/08\/IMG_20230731_221414_011.jpg\"><img loading=\"lazy\" decoding=\"async\" width=\"1061\" height=\"1488\" src=\"https:\/\/uus.mommipesa.eu\/wp-content\/uploads\/2023\/08\/IMG_20230731_221414_011.jpg\" alt=\"IMG_20230731_221414_011\" class=\"wp-image-4116\" srcset=\"https:\/\/uus.mommipesa.eu\/wp-content\/uploads\/2023\/08\/IMG_20230731_221414_011.jpg 1061w, https:\/\/uus.mommipesa.eu\/wp-content\/uploads\/2023\/08\/IMG_20230731_221414_011-214x300.jpg 214w, https:\/\/uus.mommipesa.eu\/wp-content\/uploads\/2023\/08\/IMG_20230731_221414_011-730x1024.jpg 730w, https:\/\/uus.mommipesa.eu\/wp-content\/uploads\/2023\/08\/IMG_20230731_221414_011-768x1077.jpg 768w, https:\/\/uus.mommipesa.eu\/wp-content\/uploads\/2023\/08\/IMG_20230731_221414_011-9x12.jpg 9w\" sizes=\"(max-width: 1061px) 100vw, 1061px\" \/><\/a><\/figure><\/li><li class=\"blocks-gallery-item\"><figure><a href=\"https:\/\/uus.mommipesa.eu\/wp-content\/uploads\/2023\/08\/IMG_20230731_221406_873.jpg\"><img loading=\"lazy\" decoding=\"async\" width=\"1070\" height=\"1411\" src=\"https:\/\/uus.mommipesa.eu\/wp-content\/uploads\/2023\/08\/IMG_20230731_221406_873.jpg\" alt=\"IMG_20230731_221406_873\" class=\"wp-image-4115\" srcset=\"https:\/\/uus.mommipesa.eu\/wp-content\/uploads\/2023\/08\/IMG_20230731_221406_873.jpg 1070w, https:\/\/uus.mommipesa.eu\/wp-content\/uploads\/2023\/08\/IMG_20230731_221406_873-227x300.jpg 227w, https:\/\/uus.mommipesa.eu\/wp-content\/uploads\/2023\/08\/IMG_20230731_221406_873-777x1024.jpg 777w, https:\/\/uus.mommipesa.eu\/wp-content\/uploads\/2023\/08\/IMG_20230731_221406_873-768x1013.jpg 768w, https:\/\/uus.mommipesa.eu\/wp-content\/uploads\/2023\/08\/IMG_20230731_221406_873-9x12.jpg 9w\" sizes=\"(max-width: 1070px) 100vw, 1070px\" \/><\/a><\/figure><\/li><li class=\"blocks-gallery-item\"><figure><a href=\"https:\/\/uus.mommipesa.eu\/wp-content\/uploads\/2023\/08\/IMG_20230731_221405_881.jpg\"><img loading=\"lazy\" decoding=\"async\" width=\"1080\" height=\"1521\" src=\"https:\/\/uus.mommipesa.eu\/wp-content\/uploads\/2023\/08\/IMG_20230731_221405_881.jpg\" alt=\"IMG_20230731_221405_881\" class=\"wp-image-4114\" srcset=\"https:\/\/uus.mommipesa.eu\/wp-content\/uploads\/2023\/08\/IMG_20230731_221405_881.jpg 1080w, https:\/\/uus.mommipesa.eu\/wp-content\/uploads\/2023\/08\/IMG_20230731_221405_881-213x300.jpg 213w, https:\/\/uus.mommipesa.eu\/wp-content\/uploads\/2023\/08\/IMG_20230731_221405_881-727x1024.jpg 727w, https:\/\/uus.mommipesa.eu\/wp-content\/uploads\/2023\/08\/IMG_20230731_221405_881-768x1082.jpg 768w, https:\/\/uus.mommipesa.eu\/wp-content\/uploads\/2023\/08\/IMG_20230731_221405_881-9x12.jpg 9w\" sizes=\"(max-width: 1080px) 100vw, 1080px\" \/><\/a><\/figure><\/li><li class=\"blocks-gallery-item\"><figure><a href=\"https:\/\/uus.mommipesa.eu\/wp-content\/uploads\/2023\/08\/IMG_20230731_221206_112.jpg\"><img loading=\"lazy\" decoding=\"async\" width=\"1071\" height=\"1783\" src=\"https:\/\/uus.mommipesa.eu\/wp-content\/uploads\/2023\/08\/IMG_20230731_221206_112.jpg\" alt=\"IMG_20230731_221206_112\" class=\"wp-image-4113\" srcset=\"https:\/\/uus.mommipesa.eu\/wp-content\/uploads\/2023\/08\/IMG_20230731_221206_112.jpg 1071w, https:\/\/uus.mommipesa.eu\/wp-content\/uploads\/2023\/08\/IMG_20230731_221206_112-180x300.jpg 180w, https:\/\/uus.mommipesa.eu\/wp-content\/uploads\/2023\/08\/IMG_20230731_221206_112-615x1024.jpg 615w, https:\/\/uus.mommipesa.eu\/wp-content\/uploads\/2023\/08\/IMG_20230731_221206_112-768x1279.jpg 768w, https:\/\/uus.mommipesa.eu\/wp-content\/uploads\/2023\/08\/IMG_20230731_221206_112-923x1536.jpg 923w, https:\/\/uus.mommipesa.eu\/wp-content\/uploads\/2023\/08\/IMG_20230731_221206_112-7x12.jpg 7w\" sizes=\"(max-width: 1071px) 100vw, 1071px\" \/><\/a><\/figure><\/li><li class=\"blocks-gallery-item\"><figure><a href=\"https:\/\/uus.mommipesa.eu\/wp-content\/uploads\/2023\/08\/IMG_20230731_221158_981.jpg\"><img loading=\"lazy\" decoding=\"async\" width=\"1080\" height=\"799\" src=\"https:\/\/uus.mommipesa.eu\/wp-content\/uploads\/2023\/08\/IMG_20230731_221158_981.jpg\" alt=\"IMG_20230731_221158_981\" class=\"wp-image-4112\" srcset=\"https:\/\/uus.mommipesa.eu\/wp-content\/uploads\/2023\/08\/IMG_20230731_221158_981.jpg 1080w, https:\/\/uus.mommipesa.eu\/wp-content\/uploads\/2023\/08\/IMG_20230731_221158_981-300x222.jpg 300w, https:\/\/uus.mommipesa.eu\/wp-content\/uploads\/2023\/08\/IMG_20230731_221158_981-1024x758.jpg 1024w, https:\/\/uus.mommipesa.eu\/wp-content\/uploads\/2023\/08\/IMG_20230731_221158_981-768x568.jpg 768w, https:\/\/uus.mommipesa.eu\/wp-content\/uploads\/2023\/08\/IMG_20230731_221158_981-16x12.jpg 16w\" sizes=\"(max-width: 1080px) 100vw, 1080px\" \/><\/a><\/figure><\/li><li class=\"blocks-gallery-item\"><figure><a href=\"https:\/\/uus.mommipesa.eu\/wp-content\/uploads\/2023\/08\/IMG_20230731_221157_482.jpg\"><img loading=\"lazy\" decoding=\"async\" width=\"1080\" height=\"1480\" src=\"https:\/\/uus.mommipesa.eu\/wp-content\/uploads\/2023\/08\/IMG_20230731_221157_482.jpg\" alt=\"IMG_20230731_221157_482\" class=\"wp-image-4111\" srcset=\"https:\/\/uus.mommipesa.eu\/wp-content\/uploads\/2023\/08\/IMG_20230731_221157_482.jpg 1080w, https:\/\/uus.mommipesa.eu\/wp-content\/uploads\/2023\/08\/IMG_20230731_221157_482-219x300.jpg 219w, https:\/\/uus.mommipesa.eu\/wp-content\/uploads\/2023\/08\/IMG_20230731_221157_482-747x1024.jpg 747w, https:\/\/uus.mommipesa.eu\/wp-content\/uploads\/2023\/08\/IMG_20230731_221157_482-768x1052.jpg 768w, https:\/\/uus.mommipesa.eu\/wp-content\/uploads\/2023\/08\/IMG_20230731_221157_482-9x12.jpg 9w\" sizes=\"(max-width: 1080px) 100vw, 1080px\" \/><\/a><\/figure><\/li><li class=\"blocks-gallery-item\"><figure><a href=\"https:\/\/uus.mommipesa.eu\/wp-content\/uploads\/2023\/08\/IMG_20230731_221156_275.jpg\"><img loading=\"lazy\" decoding=\"async\" width=\"1080\" height=\"1421\" src=\"https:\/\/uus.mommipesa.eu\/wp-content\/uploads\/2023\/08\/IMG_20230731_221156_275.jpg\" alt=\"IMG_20230731_221156_275\" class=\"wp-image-4110\" srcset=\"https:\/\/uus.mommipesa.eu\/wp-content\/uploads\/2023\/08\/IMG_20230731_221156_275.jpg 1080w, https:\/\/uus.mommipesa.eu\/wp-content\/uploads\/2023\/08\/IMG_20230731_221156_275-228x300.jpg 228w, https:\/\/uus.mommipesa.eu\/wp-content\/uploads\/2023\/08\/IMG_20230731_221156_275-778x1024.jpg 778w, https:\/\/uus.mommipesa.eu\/wp-content\/uploads\/2023\/08\/IMG_20230731_221156_275-768x1010.jpg 768w, https:\/\/uus.mommipesa.eu\/wp-content\/uploads\/2023\/08\/IMG_20230731_221156_275-9x12.jpg 9w\" sizes=\"(max-width: 1080px) 100vw, 1080px\" \/><\/a><\/figure><\/li><li class=\"blocks-gallery-item\"><figure><a href=\"https:\/\/uus.mommipesa.eu\/wp-content\/uploads\/2023\/08\/IMG_20230731_221148_910.jpg\"><img loading=\"lazy\" decoding=\"async\" width=\"1080\" height=\"1420\" src=\"https:\/\/uus.mommipesa.eu\/wp-content\/uploads\/2023\/08\/IMG_20230731_221148_910.jpg\" alt=\"IMG_20230731_221148_910\" class=\"wp-image-4109\" srcset=\"https:\/\/uus.mommipesa.eu\/wp-content\/uploads\/2023\/08\/IMG_20230731_221148_910.jpg 1080w, https:\/\/uus.mommipesa.eu\/wp-content\/uploads\/2023\/08\/IMG_20230731_221148_910-228x300.jpg 228w, https:\/\/uus.mommipesa.eu\/wp-content\/uploads\/2023\/08\/IMG_20230731_221148_910-779x1024.jpg 779w, https:\/\/uus.mommipesa.eu\/wp-content\/uploads\/2023\/08\/IMG_20230731_221148_910-768x1010.jpg 768w, https:\/\/uus.mommipesa.eu\/wp-content\/uploads\/2023\/08\/IMG_20230731_221148_910-9x12.jpg 9w\" sizes=\"(max-width: 1080px) 100vw, 1080px\" \/><\/a><\/figure><\/li><li class=\"blocks-gallery-item\"><figure><a href=\"https:\/\/uus.mommipesa.eu\/wp-content\/uploads\/2023\/08\/IMG_20230731_221148_671.jpg\"><img loading=\"lazy\" decoding=\"async\" width=\"1080\" height=\"1483\" src=\"https:\/\/uus.mommipesa.eu\/wp-content\/uploads\/2023\/08\/IMG_20230731_221148_671.jpg\" alt=\"IMG_20230731_221148_671\" class=\"wp-image-4108\" srcset=\"https:\/\/uus.mommipesa.eu\/wp-content\/uploads\/2023\/08\/IMG_20230731_221148_671.jpg 1080w, https:\/\/uus.mommipesa.eu\/wp-content\/uploads\/2023\/08\/IMG_20230731_221148_671-218x300.jpg 218w, https:\/\/uus.mommipesa.eu\/wp-content\/uploads\/2023\/08\/IMG_20230731_221148_671-746x1024.jpg 746w, https:\/\/uus.mommipesa.eu\/wp-content\/uploads\/2023\/08\/IMG_20230731_221148_671-768x1055.jpg 768w, https:\/\/uus.mommipesa.eu\/wp-content\/uploads\/2023\/08\/IMG_20230731_221148_671-9x12.jpg 9w\" sizes=\"(max-width: 1080px) 100vw, 1080px\" \/><\/a><\/figure><\/li><li class=\"blocks-gallery-item\"><figure><a href=\"https:\/\/uus.mommipesa.eu\/wp-content\/uploads\/2023\/08\/IMG_20230731_221146_105.jpg\"><img loading=\"lazy\" decoding=\"async\" width=\"1080\" height=\"1458\" src=\"https:\/\/uus.mommipesa.eu\/wp-content\/uploads\/2023\/08\/IMG_20230731_221146_105.jpg\" alt=\"IMG_20230731_221146_105\" class=\"wp-image-4107\" srcset=\"https:\/\/uus.mommipesa.eu\/wp-content\/uploads\/2023\/08\/IMG_20230731_221146_105.jpg 1080w, https:\/\/uus.mommipesa.eu\/wp-content\/uploads\/2023\/08\/IMG_20230731_221146_105-222x300.jpg 222w, https:\/\/uus.mommipesa.eu\/wp-content\/uploads\/2023\/08\/IMG_20230731_221146_105-759x1024.jpg 759w, https:\/\/uus.mommipesa.eu\/wp-content\/uploads\/2023\/08\/IMG_20230731_221146_105-768x1037.jpg 768w, https:\/\/uus.mommipesa.eu\/wp-content\/uploads\/2023\/08\/IMG_20230731_221146_105-9x12.jpg 9w\" sizes=\"(max-width: 1080px) 100vw, 1080px\" \/><\/a><\/figure><\/li><li class=\"blocks-gallery-item\"><figure><a href=\"https:\/\/uus.mommipesa.eu\/wp-content\/uploads\/2023\/08\/IMG_20230731_221139_443.jpg\"><img loading=\"lazy\" decoding=\"async\" width=\"1064\" height=\"1409\" src=\"https:\/\/uus.mommipesa.eu\/wp-content\/uploads\/2023\/08\/IMG_20230731_221139_443.jpg\" alt=\"IMG_20230731_221139_443\" class=\"wp-image-4106\" srcset=\"https:\/\/uus.mommipesa.eu\/wp-content\/uploads\/2023\/08\/IMG_20230731_221139_443.jpg 1064w, https:\/\/uus.mommipesa.eu\/wp-content\/uploads\/2023\/08\/IMG_20230731_221139_443-227x300.jpg 227w, https:\/\/uus.mommipesa.eu\/wp-content\/uploads\/2023\/08\/IMG_20230731_221139_443-773x1024.jpg 773w, https:\/\/uus.mommipesa.eu\/wp-content\/uploads\/2023\/08\/IMG_20230731_221139_443-768x1017.jpg 768w, https:\/\/uus.mommipesa.eu\/wp-content\/uploads\/2023\/08\/IMG_20230731_221139_443-9x12.jpg 9w\" sizes=\"(max-width: 1064px) 100vw, 1064px\" \/><\/a><\/figure><\/li><li class=\"blocks-gallery-item\"><figure><a href=\"https:\/\/uus.mommipesa.eu\/wp-content\/uploads\/2023\/08\/IMG_20230731_221138_681.jpg\"><img loading=\"lazy\" decoding=\"async\" width=\"1080\" height=\"1485\" src=\"https:\/\/uus.mommipesa.eu\/wp-content\/uploads\/2023\/08\/IMG_20230731_221138_681.jpg\" alt=\"IMG_20230731_221138_681\" class=\"wp-image-4105\" srcset=\"https:\/\/uus.mommipesa.eu\/wp-content\/uploads\/2023\/08\/IMG_20230731_221138_681.jpg 1080w, https:\/\/uus.mommipesa.eu\/wp-content\/uploads\/2023\/08\/IMG_20230731_221138_681-218x300.jpg 218w, https:\/\/uus.mommipesa.eu\/wp-content\/uploads\/2023\/08\/IMG_20230731_221138_681-745x1024.jpg 745w, https:\/\/uus.mommipesa.eu\/wp-content\/uploads\/2023\/08\/IMG_20230731_221138_681-768x1056.jpg 768w, https:\/\/uus.mommipesa.eu\/wp-content\/uploads\/2023\/08\/IMG_20230731_221138_681-9x12.jpg 9w\" sizes=\"(max-width: 1080px) 100vw, 1080px\" \/><\/a><\/figure><\/li><li class=\"blocks-gallery-item\"><figure><a href=\"https:\/\/uus.mommipesa.eu\/wp-content\/uploads\/2023\/08\/IMG_20230731_221135_668.jpg\"><img loading=\"lazy\" decoding=\"async\" width=\"1072\" height=\"1537\" src=\"https:\/\/uus.mommipesa.eu\/wp-content\/uploads\/2023\/08\/IMG_20230731_221135_668.jpg\" alt=\"IMG_20230731_221135_668\" class=\"wp-image-4104\" srcset=\"https:\/\/uus.mommipesa.eu\/wp-content\/uploads\/2023\/08\/IMG_20230731_221135_668.jpg 1072w, https:\/\/uus.mommipesa.eu\/wp-content\/uploads\/2023\/08\/IMG_20230731_221135_668-209x300.jpg 209w, https:\/\/uus.mommipesa.eu\/wp-content\/uploads\/2023\/08\/IMG_20230731_221135_668-714x1024.jpg 714w, https:\/\/uus.mommipesa.eu\/wp-content\/uploads\/2023\/08\/IMG_20230731_221135_668-768x1101.jpg 768w, https:\/\/uus.mommipesa.eu\/wp-content\/uploads\/2023\/08\/IMG_20230731_221135_668-8x12.jpg 8w\" sizes=\"(max-width: 1072px) 100vw, 1072px\" \/><\/a><\/figure><\/li><li class=\"blocks-gallery-item\"><figure><a href=\"https:\/\/uus.mommipesa.eu\/wp-content\/uploads\/2023\/08\/IMG_20230731_210203_686.jpg\"><img loading=\"lazy\" decoding=\"async\" width=\"1080\" height=\"1397\" src=\"https:\/\/uus.mommipesa.eu\/wp-content\/uploads\/2023\/08\/IMG_20230731_210203_686.jpg\" alt=\"IMG_20230731_210203_686\" class=\"wp-image-4103\" srcset=\"https:\/\/uus.mommipesa.eu\/wp-content\/uploads\/2023\/08\/IMG_20230731_210203_686.jpg 1080w, https:\/\/uus.mommipesa.eu\/wp-content\/uploads\/2023\/08\/IMG_20230731_210203_686-232x300.jpg 232w, https:\/\/uus.mommipesa.eu\/wp-content\/uploads\/2023\/08\/IMG_20230731_210203_686-792x1024.jpg 792w, https:\/\/uus.mommipesa.eu\/wp-content\/uploads\/2023\/08\/IMG_20230731_210203_686-768x993.jpg 768w, https:\/\/uus.mommipesa.eu\/wp-content\/uploads\/2023\/08\/IMG_20230731_210203_686-9x12.jpg 9w\" sizes=\"(max-width: 1080px) 100vw, 1080px\" \/><\/a><\/figure><\/li><li class=\"blocks-gallery-item\"><figure><a href=\"https:\/\/uus.mommipesa.eu\/wp-content\/uploads\/2023\/08\/IMG_20230731_210202_635.jpg\"><img loading=\"lazy\" decoding=\"async\" width=\"1031\" height=\"1413\" src=\"https:\/\/uus.mommipesa.eu\/wp-content\/uploads\/2023\/08\/IMG_20230731_210202_635.jpg\" alt=\"IMG_20230731_210202_635\" class=\"wp-image-4102\" srcset=\"https:\/\/uus.mommipesa.eu\/wp-content\/uploads\/2023\/08\/IMG_20230731_210202_635.jpg 1031w, https:\/\/uus.mommipesa.eu\/wp-content\/uploads\/2023\/08\/IMG_20230731_210202_635-219x300.jpg 219w, https:\/\/uus.mommipesa.eu\/wp-content\/uploads\/2023\/08\/IMG_20230731_210202_635-747x1024.jpg 747w, https:\/\/uus.mommipesa.eu\/wp-content\/uploads\/2023\/08\/IMG_20230731_210202_635-768x1053.jpg 768w, https:\/\/uus.mommipesa.eu\/wp-content\/uploads\/2023\/08\/IMG_20230731_210202_635-9x12.jpg 9w\" sizes=\"(max-width: 1031px) 100vw, 1031px\" \/><\/a><\/figure><\/li><li class=\"blocks-gallery-item\"><figure><a href=\"https:\/\/uus.mommipesa.eu\/wp-content\/uploads\/2023\/08\/IMG_20230731_210155_108.jpg\"><img loading=\"lazy\" decoding=\"async\" width=\"1055\" height=\"1522\" src=\"https:\/\/uus.mommipesa.eu\/wp-content\/uploads\/2023\/08\/IMG_20230731_210155_108.jpg\" alt=\"IMG_20230731_210155_108\" class=\"wp-image-4101\" srcset=\"https:\/\/uus.mommipesa.eu\/wp-content\/uploads\/2023\/08\/IMG_20230731_210155_108.jpg 1055w, https:\/\/uus.mommipesa.eu\/wp-content\/uploads\/2023\/08\/IMG_20230731_210155_108-208x300.jpg 208w, https:\/\/uus.mommipesa.eu\/wp-content\/uploads\/2023\/08\/IMG_20230731_210155_108-710x1024.jpg 710w, https:\/\/uus.mommipesa.eu\/wp-content\/uploads\/2023\/08\/IMG_20230731_210155_108-768x1108.jpg 768w, https:\/\/uus.mommipesa.eu\/wp-content\/uploads\/2023\/08\/IMG_20230731_210155_108-8x12.jpg 8w\" sizes=\"(max-width: 1055px) 100vw, 1055px\" \/><\/a><\/figure><\/li><li class=\"blocks-gallery-item\"><figure><a href=\"https:\/\/uus.mommipesa.eu\/wp-content\/uploads\/2023\/08\/IMG_20230731_210152_946.jpg\"><img loading=\"lazy\" decoding=\"async\" width=\"1045\" height=\"1246\" src=\"https:\/\/uus.mommipesa.eu\/wp-content\/uploads\/2023\/08\/IMG_20230731_210152_946.jpg\" alt=\"IMG_20230731_210152_946\" class=\"wp-image-4100\" srcset=\"https:\/\/uus.mommipesa.eu\/wp-content\/uploads\/2023\/08\/IMG_20230731_210152_946.jpg 1045w, https:\/\/uus.mommipesa.eu\/wp-content\/uploads\/2023\/08\/IMG_20230731_210152_946-252x300.jpg 252w, https:\/\/uus.mommipesa.eu\/wp-content\/uploads\/2023\/08\/IMG_20230731_210152_946-859x1024.jpg 859w, https:\/\/uus.mommipesa.eu\/wp-content\/uploads\/2023\/08\/IMG_20230731_210152_946-768x916.jpg 768w, https:\/\/uus.mommipesa.eu\/wp-content\/uploads\/2023\/08\/IMG_20230731_210152_946-10x12.jpg 10w\" sizes=\"(max-width: 1045px) 100vw, 1045px\" \/><\/a><\/figure><\/li><li class=\"blocks-gallery-item\"><figure><a href=\"https:\/\/uus.mommipesa.eu\/wp-content\/uploads\/2023\/08\/IMG_20230731_210145_053.jpg\"><img loading=\"lazy\" decoding=\"async\" width=\"1041\" height=\"1405\" src=\"https:\/\/uus.mommipesa.eu\/wp-content\/uploads\/2023\/08\/IMG_20230731_210145_053.jpg\" alt=\"IMG_20230731_210145_053\" class=\"wp-image-4099\" srcset=\"https:\/\/uus.mommipesa.eu\/wp-content\/uploads\/2023\/08\/IMG_20230731_210145_053.jpg 1041w, https:\/\/uus.mommipesa.eu\/wp-content\/uploads\/2023\/08\/IMG_20230731_210145_053-222x300.jpg 222w, https:\/\/uus.mommipesa.eu\/wp-content\/uploads\/2023\/08\/IMG_20230731_210145_053-759x1024.jpg 759w, https:\/\/uus.mommipesa.eu\/wp-content\/uploads\/2023\/08\/IMG_20230731_210145_053-768x1037.jpg 768w, https:\/\/uus.mommipesa.eu\/wp-content\/uploads\/2023\/08\/IMG_20230731_210145_053-9x12.jpg 9w\" sizes=\"(max-width: 1041px) 100vw, 1041px\" \/><\/a><\/figure><\/li><li class=\"blocks-gallery-item\"><figure><a href=\"https:\/\/uus.mommipesa.eu\/wp-content\/uploads\/2023\/08\/IMG_20230731_210143_165.jpg\"><img loading=\"lazy\" decoding=\"async\" width=\"1056\" height=\"1394\" src=\"https:\/\/uus.mommipesa.eu\/wp-content\/uploads\/2023\/08\/IMG_20230731_210143_165.jpg\" alt=\"IMG_20230731_210143_165\" class=\"wp-image-4098\" srcset=\"https:\/\/uus.mommipesa.eu\/wp-content\/uploads\/2023\/08\/IMG_20230731_210143_165.jpg 1056w, https:\/\/uus.mommipesa.eu\/wp-content\/uploads\/2023\/08\/IMG_20230731_210143_165-227x300.jpg 227w, https:\/\/uus.mommipesa.eu\/wp-content\/uploads\/2023\/08\/IMG_20230731_210143_165-776x1024.jpg 776w, https:\/\/uus.mommipesa.eu\/wp-content\/uploads\/2023\/08\/IMG_20230731_210143_165-768x1014.jpg 768w, https:\/\/uus.mommipesa.eu\/wp-content\/uploads\/2023\/08\/IMG_20230731_210143_165-9x12.jpg 9w\" sizes=\"(max-width: 1056px) 100vw, 1056px\" \/><\/a><\/figure><\/li><li class=\"blocks-gallery-item\"><figure><a href=\"https:\/\/uus.mommipesa.eu\/wp-content\/uploads\/2023\/08\/IMG_20230731_210134_839.jpg\"><img loading=\"lazy\" decoding=\"async\" width=\"1015\" height=\"1359\" src=\"https:\/\/uus.mommipesa.eu\/wp-content\/uploads\/2023\/08\/IMG_20230731_210134_839.jpg\" alt=\"IMG_20230731_210134_839\" class=\"wp-image-4097\" srcset=\"https:\/\/uus.mommipesa.eu\/wp-content\/uploads\/2023\/08\/IMG_20230731_210134_839.jpg 1015w, https:\/\/uus.mommipesa.eu\/wp-content\/uploads\/2023\/08\/IMG_20230731_210134_839-224x300.jpg 224w, https:\/\/uus.mommipesa.eu\/wp-content\/uploads\/2023\/08\/IMG_20230731_210134_839-765x1024.jpg 765w, https:\/\/uus.mommipesa.eu\/wp-content\/uploads\/2023\/08\/IMG_20230731_210134_839-768x1028.jpg 768w, https:\/\/uus.mommipesa.eu\/wp-content\/uploads\/2023\/08\/IMG_20230731_210134_839-9x12.jpg 9w\" sizes=\"(max-width: 1015px) 100vw, 1015px\" \/><\/a><\/figure><\/li><li class=\"blocks-gallery-item\"><figure><a href=\"https:\/\/uus.mommipesa.eu\/wp-content\/uploads\/2023\/08\/IMG_20230731_210122_217.jpg\"><img loading=\"lazy\" decoding=\"async\" width=\"1080\" height=\"800\" src=\"https:\/\/uus.mommipesa.eu\/wp-content\/uploads\/2023\/08\/IMG_20230731_210122_217.jpg\" alt=\"IMG_20230731_210122_217\" class=\"wp-image-4096\" srcset=\"https:\/\/uus.mommipesa.eu\/wp-content\/uploads\/2023\/08\/IMG_20230731_210122_217.jpg 1080w, https:\/\/uus.mommipesa.eu\/wp-content\/uploads\/2023\/08\/IMG_20230731_210122_217-300x222.jpg 300w, https:\/\/uus.mommipesa.eu\/wp-content\/uploads\/2023\/08\/IMG_20230731_210122_217-1024x759.jpg 1024w, https:\/\/uus.mommipesa.eu\/wp-content\/uploads\/2023\/08\/IMG_20230731_210122_217-768x569.jpg 768w, https:\/\/uus.mommipesa.eu\/wp-content\/uploads\/2023\/08\/IMG_20230731_210122_217-16x12.jpg 16w\" sizes=\"(max-width: 1080px) 100vw, 1080px\" \/><\/a><\/figure><\/li><\/ul>\n\n\n<h3 class=\"wp-block-heading headings\">\u0417\u0430\u043d\u044f\u0442\u0438\u044f \u0438 \u0438\u0433\u0440\u044b<\/h3>\n\n\n\n<p>Pildid lisamisel&#8230;<\/p>\n\n\n\n<h3 class=\"wp-block-heading headings\">\u0414\u0432\u043e\u0440 \u0438 \u0438\u0433\u0440\u043e\u0432\u044b\u0435 \u043f\u043b\u043e\u0449\u0430\u0434\u043a\u0438<\/h3>\n\n\n\n<p>Pildid lisamisel&#8230;<\/p>\n\n\n\n<h3 class=\"wp-block-heading headings\">\u041c\u0435\u0440\u043e\u043f\u0440\u0438\u044f\u0442\u0438\u044f \u0438 \u043f\u0440\u0430\u0437\u0434\u043d\u0438\u043a\u0438<\/h3>\n\n\n\n<p>Pildid lisamisel&#8230;<\/p>","protected":false},"excerpt":{"rendered":"<p>Hubane ja valgusk\u00fcllane r\u00fchm Haaberstis, kus lapsed naudivad loovm\u00e4nge ja \u00f5uetegevusi. Ruumid ja keskkond Tegevused ja m\u00e4ngud Pildid lisamisel&#8230; \u00d5u ja m\u00e4nguv\u00e4ljakud Pildid lisamisel&#8230; \u00dcritused ja peod Pildid lisamisel&#8230;<\/p>","protected":false},"author":1,"featured_media":0,"parent":20,"menu_order":1,"comment_status":"closed","ping_status":"closed","template":"","meta":{"footnotes":""},"class_list":["post-4009","page","type-page","status-publish","hentry"],"_links":{"self":[{"href":"https:\/\/uus.mommipesa.eu\/ru\/wp-json\/wp\/v2\/pages\/4009","targetHints":{"allow":["GET"]}}],"collection":[{"href":"https:\/\/uus.mommipesa.eu\/ru\/wp-json\/wp\/v2\/pages"}],"about":[{"href":"https:\/\/uus.mommipesa.eu\/ru\/wp-json\/wp\/v2\/types\/page"}],"author":[{"embeddable":true,"href":"https:\/\/uus.mommipesa.eu\/ru\/wp-json\/wp\/v2\/users\/1"}],"replies":[{"embeddable":true,"href":"https:\/\/uus.mommipesa.eu\/ru\/wp-json\/wp\/v2\/comments?post=4009"}],"version-history":[{"count":5,"href":"https:\/\/uus.mommipesa.eu\/ru\/wp-json\/wp\/v2\/pages\/4009\/revisions"}],"predecessor-version":[{"id":4503,"href":"https:\/\/uus.mommipesa.eu\/ru\/wp-json\/wp\/v2\/pages\/4009\/revisions\/4503"}],"up":[{"embeddable":true,"href":"https:\/\/uus.mommipesa.eu\/ru\/wp-json\/wp\/v2\/pages\/20"}],"wp:attachment":[{"href":"https:\/\/uus.mommipesa.eu\/ru\/wp-json\/wp\/v2\/media?parent=4009"}],"curies":[{"name":"wp","href":"https:\/\/api.w.org\/{rel}","templated":true}]}}